{"id":580,"date":"2023-09-28T11:49:42","date_gmt":"2023-09-28T09:49:42","guid":{"rendered":"https:\/\/www.vogar-arq.com\/lopd\/"},"modified":"2023-09-28T11:52:35","modified_gmt":"2023-09-28T09:52:35","slug":"lopd","status":"publish","type":"page","link":"https:\/\/www.vogar-arq.com\/ca\/lopd\/","title":{"rendered":"Pol\u00edtica de privadesa"},"content":{"rendered":"<div class=\"fusion-fullwidth fullwidth-box fusion-builder-row-1 fusion-flex-container has-pattern-background has-mask-background hundred-percent-fullwidth non-hundred-percent-height-scrolling\" style=\"--awb-border-radius-top-left:0px;--awb-border-radius-top-right:0px;--awb-border-radius-bottom-right:0px;--awb-border-radius-bottom-left:0px;--awb-padding-top:100px;--awb-margin-bottom:100px;--awb-background-color:var(--awb-color1);--awb-flex-wrap:wrap;\" ><div class=\"fusion-builder-row fusion-row fusion-flex-align-items-flex-start fusion-flex-content-wrap\" style=\"width:104% !important;max-width:104% !important;margin-left: calc(-4% \/ 2 );margin-right: calc(-4% \/ 2 );\"><div class=\"fusion-layout-column fusion_builder_column fusion-builder-column-0 fusion_builder_column_1_1 1_1 fusion-flex-column\" style=\"--awb-bg-size:cover;--awb-width-large:100%;--awb-margin-top-large:0px;--awb-spacing-right-large:1.92%;--awb-margin-bottom-large:20px;--awb-spacing-left-large:1.92%;--awb-width-medium:100%;--awb-order-medium:0;--awb-spacing-right-medium:1.92%;--awb-spacing-left-medium:1.92%;--awb-width-small:100%;--awb-order-small:0;--awb-spacing-right-small:1.92%;--awb-spacing-left-small:1.92%;\" data-motion-effects=\"[{&quot;type&quot;:&quot;&quot;,&quot;scroll_type&quot;:&quot;transition&quot;,&quot;scroll_direction&quot;:&quot;up&quot;,&quot;transition_speed&quot;:&quot;1&quot;,&quot;fade_type&quot;:&quot;in&quot;,&quot;scale_type&quot;:&quot;up&quot;,&quot;initial_scale&quot;:&quot;1&quot;,&quot;max_scale&quot;:&quot;1.5&quot;,&quot;min_scale&quot;:&quot;0.5&quot;,&quot;initial_rotate&quot;:&quot;0&quot;,&quot;end_rotate&quot;:&quot;30&quot;,&quot;initial_blur&quot;:&quot;0&quot;,&quot;end_blur&quot;:&quot;3&quot;,&quot;start_element&quot;:&quot;top&quot;,&quot;start_viewport&quot;:&quot;bottom&quot;,&quot;end_element&quot;:&quot;bottom&quot;,&quot;end_viewport&quot;:&quot;top&quot;,&quot;mouse_effect&quot;:&quot;track&quot;,&quot;mouse_effect_direction&quot;:&quot;opposite&quot;,&quot;mouse_effect_speed&quot;:&quot;2&quot;,&quot;infinite_animation&quot;:&quot;float&quot;,&quot;infinite_animation_speed&quot;:&quot;2&quot;}]\" data-scroll-devices=\"small-visibility,medium-visibility,large-visibility\"><div class=\"fusion-column-wrapper fusion-column-has-shadow fusion-flex-justify-content-flex-start fusion-content-layout-column\"><div class=\"fusion-text fusion-text-1\"><ol>\n<li>Dades del ResponsableEn compliment del que disposa el Reglament General de Protecci\u00f3 de Dades (EU) 2016\/679 i la Llei Org\u00e0nica 3\/2018, de 5 de desembre, de Protecci\u00f3 de Dades Personals i Garantia dels drets digitals (d&#8217;ara endavant \u201cLOPDGDD\u201d) , i Llei 34\/2002 d&#8217;11 de juliol, de Serveis de la Societat de la Informaci\u00f3 i de Comer\u00e7 Electr\u00f2nic, i restant normativa d&#8217;aplicaci\u00f3, us informem que el Responsable de les dades personals tractades al Lloc Web www.vogar-arq. com \u00e9s:Ra\u00f3 social: VOGAR ESTUDI (D&#8217;ara endavant L&#8217;Empresa),\n<p>Adre\u00e7a: C\/Sant Miquel, 36. Entresol D<br \/>\n07002 Palma (Illes Balears), 07003<\/p>\n<p>N.I.F:<\/p>\n<p>Tel\u00e8fon: +34<\/p>\n<p>Correu electr\u00f2nic: estudi@vogar-arq.com<\/p>\n<p>A l&#8217;Empresa ens comprometem a conservar la informaci\u00f3 que ens faciliti en la m\u00e9s estricta confidencialitat evitant accessos no autoritzats, manipulaci\u00f3 d&#8217;informaci\u00f3, p\u00e8rdua, destrucci\u00f3 o robatori d&#8217;informaci\u00f3. Per aix\u00f2, aplicarem les mesures de seguretat que estableix la normativa aplicable i totes aquelles que els nostres recursos i la tecnologia moderna ens permeti. Tingueu en compte que, en molts casos, resulta indispensable que faciliti la informaci\u00f3 que us demanem per poder gaudir dels beneficis de la nostra web.<\/p>\n<p>Objecte<\/p>\n<p>Aquesta Pol\u00edtica de Privadesa t\u00e9 per objecte informar-vos sobre com tractem les vostres Dades Personals. Si no esteu d&#8217;acord amb els termes continguts en aquesta Pol\u00edtica i no accepteu els mateixos en el vostre proc\u00e9s de registre, no podreu seguir endavant amb l&#8217;\u00fas i l&#8217;acc\u00e9s a la web. Si teniu alguna consulta respecte al contingut podeu contactar-nos al correu electr\u00f2nic indicat a l&#8217;encap\u00e7alament.<\/p>\n<p>\u00c0mbit d&#8217;aplicaci\u00f3<\/p>\n<p>Aquesta Pol\u00edtica aplica a tots els Usuaris que utilitzin els serveis de la nostra p\u00e0gina web, amb independ\u00e8ncia del lloc i el moment en qu\u00e8 operin.<\/p>\n<p>Dades que sol\u00b7licitem als nostres Usuaris<\/p>\n<p>Al lloc web podr\u00edem sol\u00b7licitar informaci\u00f3 b\u00e0sica o dades identificatives a trav\u00e9s del nostre formulari de contacte, com pot ser el seu nom complet, adre\u00e7a, tel\u00e8fon, deixant un espai perqu\u00e8 ens remeti la consulta, sol\u00b7licitud queixa o suggeriment amb text lliure. Podrem, a m\u00e9s, tractar dades obtingudes a trav\u00e9s de les cookies, la qual cosa podr\u00e0 consultar amb m\u00e9s detall a la nostra Pol\u00edtica de Cookies.<\/p>\n<p>Finalitat i Legitimaci\u00f3 del tractament<\/p>\n<p>A continuaci\u00f3 es descriuen les finalitats per a les quals us sol\u00b7licitem o demanem autom\u00e0ticament la informaci\u00f3, en atenci\u00f3 als diferents canals a trav\u00e9s dels quals els usuaris han facilitat les seves dades de car\u00e0cter personal, aix\u00ed com la legitimaci\u00f3 per a cadascun dels tractaments necessaris per a complir aquestes finalitats:<\/p>\n<p>Gestionar adequadament la p\u00e0gina web i vetllar per la seguretat dels nostres usuaris.<br \/>\nLegitimat per l&#8217;inter\u00e8s leg\u00edtim del responsable per oferir un servei segur als usuaris.<br \/>\nFacilitar la navegaci\u00f3 i orientar-la a les vostres prefer\u00e8ncies, en base a la pol\u00edtica de cookies.<br \/>\nLegitimat pel vostre consentiment en acceptar expressament l&#8217;\u00fas de cookies.<br \/>\nComprovar en determinats casos la veracitat de les informacions.<br \/>\nLegitimat per l&#8217;inter\u00e8s leg\u00edtim del responsable per oferir un servei segur als usuaris.<br \/>\nContestar les vostres consultes, sol\u00b7licituds o peticions realitzades a trav\u00e9s del formulari habilitat a aquest efecte, i gestionar el servei sol\u00b7licitat atenent la vostra petici\u00f3.<br \/>\nLegitimat pel seu consentiment expr\u00e9s.<br \/>\nLa recepci\u00f3, si escau, de curr\u00edculum vitae per part de demandants d&#8217;ocupaci\u00f3 interessats a trav\u00e9s dels canals habilitats.<br \/>\nLegitimat pel seu consentiment expr\u00e9s.<br \/>\nRealitzar accions de m\u00e0rqueting, enviar-vos missatges promocionals, en funci\u00f3 de les vostres prefer\u00e8ncies de comunicaci\u00f3, avisar-vos sobre esdeveniments, ofertes i activitats que us puguin interessar.<br \/>\nLegitimat pel seu consentiment expr\u00e9s.<br \/>\nConservaci\u00f3 de les Dades<\/p>\n<p>Les dades personals es conservaran durant el per\u00edode de temps necessari per complir les finalitats per a les quals es van demanar, i, en tot cas, durant els terminis legalment establerts.<\/p>\n<p>Comunicaci\u00f3 de dades<\/p>\n<p>No se cediran dades de car\u00e0cter personal a tercers, llevat d&#8217;obligaci\u00f3 legal. Tampoc no es fan transfer\u00e8ncies internacionals de dades a tercers pa\u00efsos.<\/p>\n<p>Drets dels Usuaris<\/p>\n<p>La LOPDGDD i el RGPD recullen una s\u00e8rie de drets a favor de les persones les dades personals de les quals s\u00f3n tractades. Tots els drets esmentats a continuaci\u00f3, podreu exercitar-los remetent la vostra sol\u00b7licitud per correu electr\u00f2nic segons s&#8217;indica a l&#8217;apartat 1, acompanyant c\u00f2pia del vostre document d&#8217;identitat. El termini m\u00e0xim per resoldre \u00e9s el d&#8217;un mes a comptar de la recepci\u00f3 de la vostra sol\u00b7licitud. Tingueu en compte que podr\u00edem demanar informaci\u00f3 addicional per comprovar la seva identitat abans de procedir amb la seva sol\u00b7licitud.<\/p>\n<p>Dret d&#8217;acc\u00e9s:<\/p>\n<p>El dret d&#8217;acc\u00e9s permet a l&#8217;usuari con\u00e8ixer i obtenir gratu\u00eftament informaci\u00f3 sobre les vostres dades de car\u00e0cter personal sotmeses a tractament. Podr\u00e0 sol\u00b7licitar-nos que us indiquem la informaci\u00f3 que cons<\/p>\n<p>Dret d&#8217;acc\u00e9s:<\/p>\n<p>El dret d&#8217;acc\u00e9s permet a l&#8217;usuari con\u00e8ixer i obtenir gratu\u00eftament informaci\u00f3 sobre les vostres dades de car\u00e0cter personal sotmeses a tractament. Podr\u00e0 sol\u00b7licitar-nos que li indiquem la informaci\u00f3 que conservem sobre vost\u00e8.<\/p>\n<p>Dret de rectificaci\u00f3:<\/p>\n<p>Aquest dret es caracteritza perqu\u00e8 permet corregir errors, modificar les dades que siguin inexactes o incompletes i garantir la certesa de la informaci\u00f3 objecte de tractament. Vost\u00e8 haur\u00e0 d&#8217;informar-nos sobre qualsevol canvi a les seves dades i ser\u00e0 responsable d&#8217;actualitzar la vostra informaci\u00f3.<\/p>\n<p>Dret de supressi\u00f3:<\/p>\n<p>El dret de supressi\u00f3 permet que se suprimeixin les dades que resultin ser inadequades o excessives sense perjudici del deure de bloqueig, recollit a la LOPDGDD.<\/p>\n<p>Dret d&#8217;oposici\u00f3:<\/p>\n<p>El dret d&#8217;oposici\u00f3 \u00e9s el dret de l&#8217;Usuari al fet que no es dugui a terme el tractament de les seves dades de car\u00e0cter personal o s&#8217;hi cessi per a determinades finalitats. Podreu oposar-vos al tractament de les vostres dades indicant les finalitats concretes objecte d&#8217;oposici\u00f3.<\/p>\n<p>Dret de Portabilitat:<\/p>\n<p>El dret a la portabilitat us permetr\u00e0 sol\u00b7licitar-nos una c\u00f2pia en un format estructurat, d&#8217;\u00fas com\u00fa i lectura mec\u00e0nica de les vostres dades personals.<\/p>\n<p>Dret de Limitaci\u00f3 del Tractament:<\/p>\n<p>En exercitar aquest dret, les vostres dades nom\u00e9s podran ser tractades, a excepci\u00f3 de la seva conservaci\u00f3, per a la formulaci\u00f3, l&#8217;exercici o la defensa de reclamacions.<\/p>\n<p>Dret a presentar una reclamaci\u00f3 davant l&#8217;autoritat de control:<\/p>\n<p>Podreu presentar una reclamaci\u00f3 davant l&#8217;Ag\u00e8ncia Espanyola de Protecci\u00f3 de Dades (www.aepd.es) quan considereu que no s&#8217;ha at\u00e8s convenientment l&#8217;exercici dels vostres drets.<\/p>\n<p>De la mateixa manera, tindr\u00e0 dret a no ser objecte de decisions basades \u00fanicament en el tractament automatitzat de les seves dades, inclosa l&#8217;elaboraci\u00f3 de perfils, que hi produeixi efectes jur\u00eddics o l&#8217;afecti significativament de manera similar. L&#8217;Usuari tindr\u00e0 dret a revocar el consentiment en qualsevol moment.<\/p>\n<p>Aix\u00ed mateix, es pot donar de baixa en qualsevol moment respecte a enviaments publicitaris.<\/p>\n<p>Mesures de seguretat<\/p>\n<p>En el tractament de la vostra informaci\u00f3 personal apliquem mesures de seguretat adequades segons el tipus de dades i els aven\u00e7os de la t\u00e8cnica, els nostres mitjans f\u00edsics i legals. El nostre objectiu \u00e9s evitar l&#8217;acc\u00e9s de tercers no autoritzats, el robatori, la p\u00e8rdua o divulgaci\u00f3 de la vostra informaci\u00f3. Tot i aix\u00f2, Internet no \u00e9s un entorn totalment segur, per la qual cosa encara que apliquem totes les mesures de seguretat possibles, el risc d&#8217;incid\u00e8ncia respecte a la informaci\u00f3 mai desapareixer\u00e0 totalment, per aquest motiu us demanem que si detecta alguna incid\u00e8ncia o t\u00e9 indicis que la vostra informaci\u00f3 pot estar en risc, poseu-vos en contacte amb nosaltres perqu\u00e8 puguem investigar el fet i oferir-vos solucions.<\/p>\n<p>Modificacions a la Pol\u00edtica de Privadesa<\/p>\n<p>L&#8217;Empresa podria en el futur modificar aquesta Pol\u00edtica de Privadesa. En cas de modificaci\u00f3, a m\u00e9s de publicar-se la versi\u00f3 actualitzada, us informarem sobre aquesta modificaci\u00f3 amb una finestra al web. Heu de llegir aquestes modificacions abans de continuar usant la web.<\/p>\n<p>Llei aplicable i jurisdicci\u00f3<\/p>\n<p>Aquesta Pol\u00edtica, aix\u00ed com l&#8217;\u00fas del Lloc Web, es regeixen per la legislaci\u00f3 espanyola. Qualsevol controv\u00e8rsia ser\u00e0 resolta davant dels jutjats corresponents al domicili del responsable.<\/p>\n<p>En cas que qualsevol estipulaci\u00f3 result\u00e9s inexigible o nul\u00b7la en virtut de la legislaci\u00f3 aplicable o com a conseq\u00fc\u00e8ncia d&#8217;una resoluci\u00f3 judicial o administrativa, aquesta inexigibilitat o nul\u00b7litat no far\u00e0 que aquesta Pol\u00edtica resulti inexigibles o nul\u00b7les en el seu conjunt. En aquests casos, l&#8217;empresa procedir\u00e0 a la modificaci\u00f3 o substituci\u00f3 d&#8217;aquesta estipulaci\u00f3 per una altra que sigui v\u00e0lida i exigible i que, en la mesura que sigui possible, aconsegueixi l&#8217;objectiu i la pretensi\u00f3 reflectits en l&#8217;estipulaci\u00f3 original.<\/li>\n<\/ol>\n<\/div><\/div><\/div><\/div><\/div>\n","protected":false},"excerpt":{"rendered":"","protected":false},"author":1,"featured_media":0,"parent":0,"menu_order":0,"comment_status":"closed","ping_status":"closed","template":"100-width.php","meta":{"footnotes":""},"yoast_head":"<!-- This site is optimized with the Yoast SEO plugin v21.4 - https:\/\/yoast.com\/wordpress\/plugins\/seo\/ -->\n<title>Pol\u00edtica de privadesa - Vogar Estudi<\/title>\n<meta name=\"robots\" content=\"index, follow, max-snippet:-1, max-image-preview:large, max-video-preview:-1\" \/>\n<link rel=\"canonical\" href=\"https:\/\/www.vogar-arq.com\/lopd\/\" \/>\n<meta property=\"og:locale\" content=\"ca_ES\" \/>\n<meta property=\"og:type\" content=\"article\" \/>\n<meta property=\"og:title\" content=\"Pol\u00edtica de privadesa - Vogar Estudi\" \/>\n<meta property=\"og:url\" content=\"https:\/\/www.vogar-arq.com\/lopd\/\" \/>\n<meta property=\"og:site_name\" content=\"Vogar Estudi\" \/>\n<meta property=\"article:modified_time\" content=\"2023-09-28T09:52:35+00:00\" \/>\n<meta name=\"twitter:card\" content=\"summary_large_image\" \/>\n<meta name=\"twitter:label1\" content=\"Temps estimat de lectura\" \/>\n\t<meta name=\"twitter:data1\" content=\"13 minuts\" \/>\n<script type=\"application\/ld+json\" class=\"yoast-schema-graph\">{\"@context\":\"https:\/\/schema.org\",\"@graph\":[{\"@type\":\"WebPage\",\"@id\":\"https:\/\/www.vogar-arq.com\/lopd\/\",\"url\":\"https:\/\/www.vogar-arq.com\/lopd\/\",\"name\":\"Pol\u00edtica de privadesa - Vogar Estudi\",\"isPartOf\":{\"@id\":\"https:\/\/www.vogar-arq.com\/#website\"},\"datePublished\":\"2023-09-28T09:49:42+00:00\",\"dateModified\":\"2023-09-28T09:52:35+00:00\",\"breadcrumb\":{\"@id\":\"https:\/\/www.vogar-arq.com\/lopd\/#breadcrumb\"},\"inLanguage\":\"ca\",\"potentialAction\":[{\"@type\":\"ReadAction\",\"target\":[\"https:\/\/www.vogar-arq.com\/lopd\/\"]}]},{\"@type\":\"BreadcrumbList\",\"@id\":\"https:\/\/www.vogar-arq.com\/lopd\/#breadcrumb\",\"itemListElement\":[{\"@type\":\"ListItem\",\"position\":1,\"name\":\"Portada\",\"item\":\"https:\/\/www.vogar-arq.com\/ca\/\"},{\"@type\":\"ListItem\",\"position\":2,\"name\":\"Pol\u00edtica de privadesa\"}]},{\"@type\":\"WebSite\",\"@id\":\"https:\/\/www.vogar-arq.com\/#website\",\"url\":\"https:\/\/www.vogar-arq.com\/\",\"name\":\"Vogar Estudi\",\"description\":\"Estudio de Arquitectura en Palma de Mallorca\",\"potentialAction\":[{\"@type\":\"SearchAction\",\"target\":{\"@type\":\"EntryPoint\",\"urlTemplate\":\"https:\/\/www.vogar-arq.com\/?s={search_term_string}\"},\"query-input\":\"required name=search_term_string\"}],\"inLanguage\":\"ca\"}]}<\/script>\n<!-- \/ Yoast SEO plugin. -->","yoast_head_json":{"title":"Pol\u00edtica de privadesa - Vogar Estudi","robots":{"index":"index","follow":"follow","max-snippet":"max-snippet:-1","max-image-preview":"max-image-preview:large","max-video-preview":"max-video-preview:-1"},"canonical":"https:\/\/www.vogar-arq.com\/lopd\/","og_locale":"ca_ES","og_type":"article","og_title":"Pol\u00edtica de privadesa - Vogar Estudi","og_url":"https:\/\/www.vogar-arq.com\/lopd\/","og_site_name":"Vogar Estudi","article_modified_time":"2023-09-28T09:52:35+00:00","twitter_card":"summary_large_image","twitter_misc":{"Temps estimat de lectura":"13 minuts"},"schema":{"@context":"https:\/\/schema.org","@graph":[{"@type":"WebPage","@id":"https:\/\/www.vogar-arq.com\/lopd\/","url":"https:\/\/www.vogar-arq.com\/lopd\/","name":"Pol\u00edtica de privadesa - Vogar Estudi","isPartOf":{"@id":"https:\/\/www.vogar-arq.com\/#website"},"datePublished":"2023-09-28T09:49:42+00:00","dateModified":"2023-09-28T09:52:35+00:00","breadcrumb":{"@id":"https:\/\/www.vogar-arq.com\/lopd\/#breadcrumb"},"inLanguage":"ca","potentialAction":[{"@type":"ReadAction","target":["https:\/\/www.vogar-arq.com\/lopd\/"]}]},{"@type":"BreadcrumbList","@id":"https:\/\/www.vogar-arq.com\/lopd\/#breadcrumb","itemListElement":[{"@type":"ListItem","position":1,"name":"Portada","item":"https:\/\/www.vogar-arq.com\/ca\/"},{"@type":"ListItem","position":2,"name":"Pol\u00edtica de privadesa"}]},{"@type":"WebSite","@id":"https:\/\/www.vogar-arq.com\/#website","url":"https:\/\/www.vogar-arq.com\/","name":"Vogar Estudi","description":"Estudio de Arquitectura en Palma de Mallorca","potentialAction":[{"@type":"SearchAction","target":{"@type":"EntryPoint","urlTemplate":"https:\/\/www.vogar-arq.com\/?s={search_term_string}"},"query-input":"required name=search_term_string"}],"inLanguage":"ca"}]}},"_links":{"self":[{"href":"https:\/\/www.vogar-arq.com\/ca\/wp-json\/wp\/v2\/pages\/580"}],"collection":[{"href":"https:\/\/www.vogar-arq.com\/ca\/wp-json\/wp\/v2\/pages"}],"about":[{"href":"https:\/\/www.vogar-arq.com\/ca\/wp-json\/wp\/v2\/types\/page"}],"author":[{"embeddable":true,"href":"https:\/\/www.vogar-arq.com\/ca\/wp-json\/wp\/v2\/users\/1"}],"replies":[{"embeddable":true,"href":"https:\/\/www.vogar-arq.com\/ca\/wp-json\/wp\/v2\/comments?post=580"}],"version-history":[{"count":3,"href":"https:\/\/www.vogar-arq.com\/ca\/wp-json\/wp\/v2\/pages\/580\/revisions"}],"predecessor-version":[{"id":586,"href":"https:\/\/www.vogar-arq.com\/ca\/wp-json\/wp\/v2\/pages\/580\/revisions\/586"}],"wp:attachment":[{"href":"https:\/\/www.vogar-arq.com\/ca\/wp-json\/wp\/v2\/media?parent=580"}],"curies":[{"name":"wp","href":"https:\/\/api.w.org\/{rel}","templated":true}]}}