{"id":600,"date":"2023-09-28T12:02:54","date_gmt":"2023-09-28T10:02:54","guid":{"rendered":"https:\/\/www.vogar-arq.com\/legal\/"},"modified":"2023-09-28T12:04:11","modified_gmt":"2023-09-28T10:04:11","slug":"legal","status":"publish","type":"page","link":"https:\/\/www.vogar-arq.com\/ca\/legal\/","title":{"rendered":"Avis legal"},"content":{"rendered":"<div class=\"fusion-fullwidth fullwidth-box fusion-builder-row-1 fusion-flex-container has-pattern-background has-mask-background hundred-percent-fullwidth non-hundred-percent-height-scrolling\" style=\"--awb-border-radius-top-left:0px;--awb-border-radius-top-right:0px;--awb-border-radius-bottom-right:0px;--awb-border-radius-bottom-left:0px;--awb-padding-top:100px;--awb-margin-bottom:100px;--awb-background-color:var(--awb-color1);--awb-flex-wrap:wrap;\" ><div class=\"fusion-builder-row fusion-row fusion-flex-align-items-flex-start fusion-flex-content-wrap\" style=\"width:104% !important;max-width:104% !important;margin-left: calc(-4% \/ 2 );margin-right: calc(-4% \/ 2 );\"><div class=\"fusion-layout-column fusion_builder_column fusion-builder-column-0 fusion_builder_column_1_1 1_1 fusion-flex-column\" style=\"--awb-bg-size:cover;--awb-width-large:100%;--awb-margin-top-large:0px;--awb-spacing-right-large:1.92%;--awb-margin-bottom-large:20px;--awb-spacing-left-large:1.92%;--awb-width-medium:100%;--awb-order-medium:0;--awb-spacing-right-medium:1.92%;--awb-spacing-left-medium:1.92%;--awb-width-small:100%;--awb-order-small:0;--awb-spacing-right-small:1.92%;--awb-spacing-left-small:1.92%;\" data-motion-effects=\"[{&quot;type&quot;:&quot;&quot;,&quot;scroll_type&quot;:&quot;transition&quot;,&quot;scroll_direction&quot;:&quot;up&quot;,&quot;transition_speed&quot;:&quot;1&quot;,&quot;fade_type&quot;:&quot;in&quot;,&quot;scale_type&quot;:&quot;up&quot;,&quot;initial_scale&quot;:&quot;1&quot;,&quot;max_scale&quot;:&quot;1.5&quot;,&quot;min_scale&quot;:&quot;0.5&quot;,&quot;initial_rotate&quot;:&quot;0&quot;,&quot;end_rotate&quot;:&quot;30&quot;,&quot;initial_blur&quot;:&quot;0&quot;,&quot;end_blur&quot;:&quot;3&quot;,&quot;start_element&quot;:&quot;top&quot;,&quot;start_viewport&quot;:&quot;bottom&quot;,&quot;end_element&quot;:&quot;bottom&quot;,&quot;end_viewport&quot;:&quot;top&quot;,&quot;mouse_effect&quot;:&quot;track&quot;,&quot;mouse_effect_direction&quot;:&quot;opposite&quot;,&quot;mouse_effect_speed&quot;:&quot;2&quot;,&quot;infinite_animation&quot;:&quot;float&quot;,&quot;infinite_animation_speed&quot;:&quot;2&quot;}]\" data-scroll-devices=\"small-visibility,medium-visibility,large-visibility\"><div class=\"fusion-column-wrapper fusion-column-has-shadow fusion-flex-justify-content-flex-start fusion-content-layout-column\"><div class=\"fusion-text fusion-text-1\"><p>1. Identificaci\u00f3 i contacte del propietari de la web.<\/p>\n<p>www.vogar-arq.com (d&#8217;ara endavant la web), \u00e9s propietat de VOGAR ESTUDI (d&#8217;ara endavant el Titular) amb domicili a Sant Miguel. Palma de Mallorca Illes Balears, amb CIF:, tel\u00e8fon (+34) +34 971 964 428 i correu electr\u00f2nic: estudi@vogar-arq.com<\/p>\n<p>Altres dades del propietari:<\/p>\n<p>Dades dinscripci\u00f3 en Registre Mercantil: Registre Mercantil de Palma de Mallorca, Tom 2686, Foli 42, Full 80329<\/p>\n<p>2. \u00c0mbit daplicaci\u00f3.<\/p>\n<p>La navegaci\u00f3 pel lloc web del Titular implica assumir la condici\u00f3 d&#8217;usuari i l&#8217;acceptaci\u00f3 absoluta del que s&#8217;ha manifestat en aquest Av\u00eds Legal.<\/p>\n<p>3. Edat.<\/p>\n<p>A la nostra web no tractem dades de menors de catorze anys.<\/p>\n<p>4. Propietat intel\u00b7lectual o industrial.<\/p>\n<p>Els continguts del web, per exemple textos, imatges, gr\u00e0fics o codi font, estan protegits per drets de propietat intel\u00b7lectual i industrial.<\/p>\n<p>Aquests continguts no poden ser, per exemple, reprodu\u00efts o transformats sense el perm\u00eds previ i expl\u00edcit del Titular. Els usuaris poden accedir als continguts i fer c\u00f2pies privades autoritzades sempre que els elements reprodu\u00efts no siguin cedits posteriorment a tercers, ni s&#8217;instal\u00b7lin a servidors en xarxa, ni siguin objecte de cap tipus d&#8217;explotaci\u00f3.<\/p>\n<p>5. Normes comunes d\u00fas de la web.<\/p>\n<p>L&#8217;usuari es compromet a fer un \u00fas de la Web d&#8217;acord amb les normes seg\u00fcents:<\/p>\n<p>No publicar\u00e0 comunicacions comercials a trav\u00e9s del lloc web.<\/p>\n<p>No recopilar\u00e0 cap contingut o informaci\u00f3 d&#8217;altres usuaris.<\/p>\n<p>No carregar\u00e0 virus ni codi malintencionat de cap mena.<\/p>\n<p>No sol\u00b7licitareu informaci\u00f3 d&#8217;inici de sessi\u00f3 ni accedireu a un compte pertanyent a un altre usuari.<\/p>\n<p>No realitzar\u00e0 actes il\u00b7l\u00edcits, enganyosos, malintencionats o discriminatoris al lloc web, d&#8217;acord amb aquestes condicions i l&#8217;ordenament jur\u00eddic espanyol.<\/p>\n<p>En general, no ha de fer actes que suposin danys o lesions dels drets de tercers.<\/p>\n<p>El Titular pot eliminar qualsevol contingut o suspendre el servei si, segons el seu propi criteri, incompleix qualsevol de les normes i obligacions descrites en aquest Av\u00eds Legal.<\/p>\n<p>Per a qualsevol consulta o aclariment sobre aquestes normes podeu contactar-nos via email.<\/p>\n<p>6. Enlla\u00e7os i limitaci\u00f3 de responsabilitat.<\/p>\n<p>L&#8217;establiment d&#8217;un hiperenlla\u00e7 no implica en cap cas l&#8217;exist\u00e8ncia de relacions entre el titular i el propietari del lloc web on s&#8217;estableixi, ni l&#8217;acceptaci\u00f3 i l&#8217;aprovaci\u00f3 per part del titular dels seus continguts o serveis. Aquelles persones que es proposin establir un hiperenlla\u00e7, pr\u00e8viament han de sol\u00b7licitar autoritzaci\u00f3 per escrit al Titular. En tot cas, l&#8217;hiperenlla\u00e7 nom\u00e9s permetr\u00e0 accedir a la p\u00e0gina d&#8217;inici del nostre lloc web. Aix\u00ed mateix, s&#8217;ha d&#8217;abstenir de fer manifestacions o indicacions falses, inexactes o incorrectes sobre el titular, o incloure continguts il\u00b7l\u00edcits, contraris als bons costums ia l&#8217;ordre p\u00fablic.<\/p>\n<p>El Titular no es responsabilitza de l&#8217;\u00fas que cada usuari doni als materials posats a disposici\u00f3 en aquest lloc web ni de les actuacions que realitzi sobre la base d&#8217;aquests. El contingut de la web \u00e9s de car\u00e0cter general i merament informatiu.<\/p>\n<p>El Titular no assumir\u00e0 responsabilitat pel contingut o funcionament de webs de tercers a qu\u00e8 l&#8217;usuari del lloc web pugui accedir mitjan\u00e7ant qualsevol tipus d&#8217;enlla\u00e7.<\/p>\n<p>El Titular declina qualsevol responsabilitat, fins on permeti l&#8217;ordenament jur\u00eddic, pels danys i els perjudicis derivats de la pres\u00e8ncia de virus, de les actuacions de tercers que vulnerin drets de propietat, a l&#8217;honor, a la intimitat o sobre publicitat il\u00b7l\u00edcita.<\/p>\n<p>Si algun usuari o tercer considera que a la Web s&#8217;est\u00e0 cometent algun il\u00b7l\u00edcit de qualsevol tipus, ha de remetre una comunicaci\u00f3 al Titular a l&#8217;adre\u00e7a de correu electr\u00f2nic que apareix a les nostres dades identificatives. S&#8217;haur\u00e0 d&#8217;identificar degudament, especificant els fets que denuncia.<\/p>\n<p>7. Privadesa.<\/p>\n<p>Si a la Web es recapten dades personals, el Titular ser\u00e0 responsable de les mateixes i les tractar\u00e0 amb absoluta confidencialitat i seguretat. Podr\u00e0 trobar m\u00e9s informaci\u00f3 a la nostra pol\u00edtica de privadesa i cookies.<\/p>\n<p>8. Modificacions<\/p>\n<p>El Titular es reserva el dret a realitzar les modificacions que consideri oportunes, sense previ av\u00eds, en el contingut del seu lloc web. Tant pel que fa als continguts del lloc web, com a les condicions d&#8217;\u00fas del mateix, oa les condicions generals de contractaci\u00f3. Aquestes modificacions podran realitzar-se a trav\u00e9s del seu lloc web per qualsevol forma admissible en dret i seran de compliment obligat durant el temps en qu\u00e8 es trobin publicades al web i fins que no siguin modificades v\u00e0lidament per altres de posteriors.<\/p>\n<\/div><\/div><\/div><\/div><\/div>\n","protected":false},"excerpt":{"rendered":"","protected":false},"author":1,"featured_media":0,"parent":0,"menu_order":0,"comment_status":"closed","ping_status":"closed","template":"100-width.php","meta":{"footnotes":""},"yoast_head":"<!-- This site is optimized with the Yoast SEO plugin v21.4 - https:\/\/yoast.com\/wordpress\/plugins\/seo\/ -->\n<title>Avis legal - Vogar Estudi<\/title>\n<meta name=\"robots\" content=\"index, follow, max-snippet:-1, max-image-preview:large, max-video-preview:-1\" \/>\n<link rel=\"canonical\" href=\"https:\/\/www.vogar-arq.com\/legal\/\" \/>\n<meta property=\"og:locale\" content=\"ca_ES\" \/>\n<meta property=\"og:type\" content=\"article\" \/>\n<meta property=\"og:title\" content=\"Avis legal - Vogar Estudi\" \/>\n<meta property=\"og:url\" content=\"https:\/\/www.vogar-arq.com\/legal\/\" \/>\n<meta property=\"og:site_name\" content=\"Vogar Estudi\" \/>\n<meta property=\"article:modified_time\" content=\"2023-09-28T10:04:11+00:00\" \/>\n<meta name=\"twitter:card\" content=\"summary_large_image\" \/>\n<meta name=\"twitter:label1\" content=\"Temps estimat de lectura\" \/>\n\t<meta name=\"twitter:data1\" content=\"9 minuts\" \/>\n<script type=\"application\/ld+json\" class=\"yoast-schema-graph\">{\"@context\":\"https:\/\/schema.org\",\"@graph\":[{\"@type\":\"WebPage\",\"@id\":\"https:\/\/www.vogar-arq.com\/legal\/\",\"url\":\"https:\/\/www.vogar-arq.com\/legal\/\",\"name\":\"Avis legal - Vogar Estudi\",\"isPartOf\":{\"@id\":\"https:\/\/www.vogar-arq.com\/#website\"},\"datePublished\":\"2023-09-28T10:02:54+00:00\",\"dateModified\":\"2023-09-28T10:04:11+00:00\",\"breadcrumb\":{\"@id\":\"https:\/\/www.vogar-arq.com\/legal\/#breadcrumb\"},\"inLanguage\":\"ca\",\"potentialAction\":[{\"@type\":\"ReadAction\",\"target\":[\"https:\/\/www.vogar-arq.com\/legal\/\"]}]},{\"@type\":\"BreadcrumbList\",\"@id\":\"https:\/\/www.vogar-arq.com\/legal\/#breadcrumb\",\"itemListElement\":[{\"@type\":\"ListItem\",\"position\":1,\"name\":\"Portada\",\"item\":\"https:\/\/www.vogar-arq.com\/ca\/\"},{\"@type\":\"ListItem\",\"position\":2,\"name\":\"Avis legal\"}]},{\"@type\":\"WebSite\",\"@id\":\"https:\/\/www.vogar-arq.com\/#website\",\"url\":\"https:\/\/www.vogar-arq.com\/\",\"name\":\"Vogar Estudi\",\"description\":\"Estudio de Arquitectura en Palma de Mallorca\",\"potentialAction\":[{\"@type\":\"SearchAction\",\"target\":{\"@type\":\"EntryPoint\",\"urlTemplate\":\"https:\/\/www.vogar-arq.com\/?s={search_term_string}\"},\"query-input\":\"required name=search_term_string\"}],\"inLanguage\":\"ca\"}]}<\/script>\n<!-- \/ Yoast SEO plugin. -->","yoast_head_json":{"title":"Avis legal - Vogar Estudi","robots":{"index":"index","follow":"follow","max-snippet":"max-snippet:-1","max-image-preview":"max-image-preview:large","max-video-preview":"max-video-preview:-1"},"canonical":"https:\/\/www.vogar-arq.com\/legal\/","og_locale":"ca_ES","og_type":"article","og_title":"Avis legal - Vogar Estudi","og_url":"https:\/\/www.vogar-arq.com\/legal\/","og_site_name":"Vogar Estudi","article_modified_time":"2023-09-28T10:04:11+00:00","twitter_card":"summary_large_image","twitter_misc":{"Temps estimat de lectura":"9 minuts"},"schema":{"@context":"https:\/\/schema.org","@graph":[{"@type":"WebPage","@id":"https:\/\/www.vogar-arq.com\/legal\/","url":"https:\/\/www.vogar-arq.com\/legal\/","name":"Avis legal - Vogar Estudi","isPartOf":{"@id":"https:\/\/www.vogar-arq.com\/#website"},"datePublished":"2023-09-28T10:02:54+00:00","dateModified":"2023-09-28T10:04:11+00:00","breadcrumb":{"@id":"https:\/\/www.vogar-arq.com\/legal\/#breadcrumb"},"inLanguage":"ca","potentialAction":[{"@type":"ReadAction","target":["https:\/\/www.vogar-arq.com\/legal\/"]}]},{"@type":"BreadcrumbList","@id":"https:\/\/www.vogar-arq.com\/legal\/#breadcrumb","itemListElement":[{"@type":"ListItem","position":1,"name":"Portada","item":"https:\/\/www.vogar-arq.com\/ca\/"},{"@type":"ListItem","position":2,"name":"Avis legal"}]},{"@type":"WebSite","@id":"https:\/\/www.vogar-arq.com\/#website","url":"https:\/\/www.vogar-arq.com\/","name":"Vogar Estudi","description":"Estudio de Arquitectura en Palma de Mallorca","potentialAction":[{"@type":"SearchAction","target":{"@type":"EntryPoint","urlTemplate":"https:\/\/www.vogar-arq.com\/?s={search_term_string}"},"query-input":"required name=search_term_string"}],"inLanguage":"ca"}]}},"_links":{"self":[{"href":"https:\/\/www.vogar-arq.com\/ca\/wp-json\/wp\/v2\/pages\/600"}],"collection":[{"href":"https:\/\/www.vogar-arq.com\/ca\/wp-json\/wp\/v2\/pages"}],"about":[{"href":"https:\/\/www.vogar-arq.com\/ca\/wp-json\/wp\/v2\/types\/page"}],"author":[{"embeddable":true,"href":"https:\/\/www.vogar-arq.com\/ca\/wp-json\/wp\/v2\/users\/1"}],"replies":[{"embeddable":true,"href":"https:\/\/www.vogar-arq.com\/ca\/wp-json\/wp\/v2\/comments?post=600"}],"version-history":[{"count":2,"href":"https:\/\/www.vogar-arq.com\/ca\/wp-json\/wp\/v2\/pages\/600\/revisions"}],"predecessor-version":[{"id":603,"href":"https:\/\/www.vogar-arq.com\/ca\/wp-json\/wp\/v2\/pages\/600\/revisions\/603"}],"wp:attachment":[{"href":"https:\/\/www.vogar-arq.com\/ca\/wp-json\/wp\/v2\/media?parent=600"}],"curies":[{"name":"wp","href":"https:\/\/api.w.org\/{rel}","templated":true}]}}